{"id":255,"date":"2020-04-03T10:31:57","date_gmt":"2020-04-03T10:31:57","guid":{"rendered":"https:\/\/bridge352.qodeinteractive.com\/?page_id=7"},"modified":"2022-06-23T14:55:00","modified_gmt":"2022-06-23T17:55:00","slug":"home","status":"publish","type":"page","link":"https:\/\/www.voupedir.net\/blog\/","title":{"rendered":"Home"},"content":{"rendered":"\t\t<div data-elementor-type=\"wp-page\" data-elementor-id=\"255\" class=\"elementor elementor-255\" data-elementor-settings=\"[]\">\n\t\t\t\t\t\t<div class=\"elementor-inner\">\n\t\t\t\t\t\t\t<div class=\"elementor-section-wrap\">\n\t\t\t\t\t\t\t<section class=\"elementor-section elementor-top-section elementor-element elementor-element-20f1f13 qode_elementor_container_inner elementor-section-boxed elementor-section-height-default elementor-section-height-default parallax_section_no\" data-id=\"20f1f13\" data-element_type=\"section\">\n\t\t\t\t\t\t<div class=\"elementor-container elementor-column-gap-no\">\n\t\t\t\t\t\t\t<div class=\"elementor-row\">\n\t\t\t\t\t<div class=\"elementor-column elementor-col-100 elementor-top-column elementor-element elementor-element-0d331b3\" data-id=\"0d331b3\" data-element_type=\"column\">\n\t\t\t<div class=\"elementor-column-wrap elementor-element-populated\">\n\t\t\t\t\t\t\t<div class=\"elementor-widget-wrap\">\n\t\t\t\t\t\t<div class=\"elementor-element elementor-element-c63d41d elementor-widget elementor-widget-bridge_masonry_blog\" data-id=\"c63d41d\" data-element_type=\"widget\" data-widget_type=\"bridge_masonry_blog.default\">\n\t\t\t\t<div class=\"elementor-widget-container\">\n\t\t\t<div class='q_masonry_blog'><div class=\"q_masonry_blog_grid_sizer\"><\/div><div class=\"q_masonry_blog_grid_gutter\"><\/div><article  class='post-616 post type-post status-publish format-standard has-post-thumbnail hentry category-venda-direta tag-catalogo-digital tag-catalogo-online tag-representante-comercial tag-vendas-b2b '><div class=\"q_masonry_blog_post_image\"><a itemprop=\"url\" href=\"https:\/\/www.voupedir.net\/blog\/2025\/03\/25\/o-catalogo-online-como-ferramenta-de-vendas\/\" target=\"_self\"><img decoding=\"async\" itemprop=\"image\" src=\"https:\/\/www.voupedir.net\/blog\/wp-content\/uploads\/2021\/06\/Catalogo-online-vou-pedir-representante-comercial.png\" \/><\/a><\/div><div class=\"q_masonry_blog_post_text\"><h5 itemprop=\"name\" class=\"q_masonry_blog_title entry_title\"><a itemprop=\"url\" href=\"https:\/\/www.voupedir.net\/blog\/2025\/03\/25\/o-catalogo-online-como-ferramenta-de-vendas\/\">O Cat\u00e1logo Online como ferramenta de vendas<\/a><\/h5><p itemprop=\"description\" class=\"q_masonry_blog_excerpt\">Visita do Representante Comercial \u00a0 \u00a0Na rotina do Representante Comercial \u00e9 necess\u00e1rio disputar a aten\u00e7\u00e3...<\/p><div class=\"q_masonry_blog_post_info\"><span itemprop=\"dateCreated\" class=\"time entry_date updated\">25 mar\u00e7o, 2025<meta itemprop=\"interactionCount\" content=\"UserComments: <?php echo get_comments_number(qode_get_page_id()); ?>\"\/><\/span><\/div><\/div><\/article><article  class='post-594 post type-post status-publish format-standard has-post-thumbnail hentry category-vendas tag-chatbots '><div class=\"q_masonry_blog_post_image\"><a itemprop=\"url\" href=\"https:\/\/www.voupedir.net\/blog\/2022\/07\/21\/gatilhos-mentais-para-despertar-desejo-compra\/\" target=\"_self\"><img decoding=\"async\" itemprop=\"image\" src=\"https:\/\/www.voupedir.net\/blog\/wp-content\/uploads\/2022\/07\/Vou-Pedir-Catalogos-Gatilhos-Mentais.jpg\" \/><\/a><\/div><div class=\"q_masonry_blog_post_text\"><h5 itemprop=\"name\" class=\"q_masonry_blog_title entry_title\"><a itemprop=\"url\" href=\"https:\/\/www.voupedir.net\/blog\/2022\/07\/21\/gatilhos-mentais-para-despertar-desejo-compra\/\"><strong>Gatilhos mentais: como despertar o desejo de compra<\/strong><\/a><\/h5><p itemprop=\"description\" class=\"q_masonry_blog_excerpt\">Gatilhos mentais: como despertar o desejo de compra&nbsp; Existe uma variedade de estrat\u00e9gias no marketing di...<\/p><div class=\"q_masonry_blog_post_info\"><span itemprop=\"dateCreated\" class=\"time entry_date updated\">21 julho, 2022<meta itemprop=\"interactionCount\" content=\"UserComments: <?php echo get_comments_number(qode_get_page_id()); ?>\"\/><\/span><\/div><\/div><\/article><article  class='post-603 post type-post status-publish format-standard has-post-thumbnail hentry category-venda-direta category-vendas tag-catalogo-online-2 tag-cupom-de-desconto tag-fidelizacao-de-clientes '><div class=\"q_masonry_blog_post_image\"><a itemprop=\"url\" href=\"https:\/\/www.voupedir.net\/blog\/2022\/07\/20\/fidelizacao-de-clientes-diferenciais\/\" target=\"_self\"><img decoding=\"async\" itemprop=\"image\" src=\"https:\/\/www.voupedir.net\/blog\/wp-content\/uploads\/2022\/07\/Fidelizacao.jpg\" \/><\/a><\/div><div class=\"q_masonry_blog_post_text\"><h5 itemprop=\"name\" class=\"q_masonry_blog_title entry_title\"><a itemprop=\"url\" href=\"https:\/\/www.voupedir.net\/blog\/2022\/07\/20\/fidelizacao-de-clientes-diferenciais\/\"><strong>Fideliza\u00e7\u00e3o de clientes: conhe\u00e7a os diferenciais que voc\u00ea precisa ter<\/strong><\/a><\/h5><p itemprop=\"description\" class=\"q_masonry_blog_excerpt\">De acordo com a pesquisa Shopping During The Pandemic, feita em 2021 pela Ipsos, cerca de 49% dos brasileiros ...<\/p><div class=\"q_masonry_blog_post_info\"><span itemprop=\"dateCreated\" class=\"time entry_date updated\">20 julho, 2022<meta itemprop=\"interactionCount\" content=\"UserComments: <?php echo get_comments_number(qode_get_page_id()); ?>\"\/><\/span><\/div><\/div><\/article><article  class='post-577 post type-post status-publish format-standard has-post-thumbnail hentry category-venda-direta '><div class=\"q_masonry_blog_post_image\"><a itemprop=\"url\" href=\"https:\/\/www.voupedir.net\/blog\/2022\/07\/05\/catalogo-online-case-de-sucesso-vou-pedir-atacadista\/\" target=\"_self\"><img decoding=\"async\" itemprop=\"image\" src=\"https:\/\/www.voupedir.net\/blog\/wp-content\/uploads\/2022\/07\/vou-pedir-catalogo-case.jpg\" \/><\/a><\/div><div class=\"q_masonry_blog_post_text\"><h5 itemprop=\"name\" class=\"q_masonry_blog_title entry_title\"><a itemprop=\"url\" href=\"https:\/\/www.voupedir.net\/blog\/2022\/07\/05\/catalogo-online-case-de-sucesso-vou-pedir-atacadista\/\"><strong>Cat\u00e1logo Online: mais de 580 pedidos em um m\u00eas? Saiba como!<\/strong><\/a><\/h5><p itemprop=\"description\" class=\"q_masonry_blog_excerpt\">A empresa Apex Distribuidora transformou seus cat\u00e1logos PDFs em cat\u00e1logos online e com carrinhos de compra. ...<\/p><div class=\"q_masonry_blog_post_info\"><span itemprop=\"dateCreated\" class=\"time entry_date updated\">05 julho, 2022<meta itemprop=\"interactionCount\" content=\"UserComments: <?php echo get_comments_number(qode_get_page_id()); ?>\"\/><\/span><\/div><\/div><\/article><article  class='post-539 post type-post status-publish format-standard has-post-thumbnail hentry category-venda-direta '><div class=\"q_masonry_blog_post_image\"><a itemprop=\"url\" href=\"https:\/\/www.voupedir.net\/blog\/2022\/06\/16\/vender-nas-redes-sociais-como-se-destacar\/\" target=\"_self\"><img decoding=\"async\" itemprop=\"image\" src=\"https:\/\/www.voupedir.net\/blog\/wp-content\/uploads\/2022\/05\/post-2.jpg\" \/><\/a><\/div><div class=\"q_masonry_blog_post_text\"><h5 itemprop=\"name\" class=\"q_masonry_blog_title entry_title\"><a itemprop=\"url\" href=\"https:\/\/www.voupedir.net\/blog\/2022\/06\/16\/vender-nas-redes-sociais-como-se-destacar\/\"><strong>Vender nas Redes Sociais: como se destacar<\/strong><\/a><\/h5><p itemprop=\"description\" class=\"q_masonry_blog_excerpt\">As redes sociais v\u00eam conquistando cada vez mais espa\u00e7o, saindo do aspecto cotidiano, usado para conversar e ...<\/p><div class=\"q_masonry_blog_post_info\"><span itemprop=\"dateCreated\" class=\"time entry_date updated\">16 junho, 2022<meta itemprop=\"interactionCount\" content=\"UserComments: <?php echo get_comments_number(qode_get_page_id()); ?>\"\/><\/span><\/div><\/div><\/article><article  class='post-544 post type-post status-publish format-standard has-post-thumbnail hentry category-venda-direta '><div class=\"q_masonry_blog_post_image\"><a itemprop=\"url\" href=\"https:\/\/www.voupedir.net\/blog\/2022\/06\/14\/crescimento-das-vendas-online\/\" target=\"_self\"><img decoding=\"async\" itemprop=\"image\" src=\"https:\/\/www.voupedir.net\/blog\/wp-content\/uploads\/2022\/05\/post-1.jpg\" \/><\/a><\/div><div class=\"q_masonry_blog_post_text\"><h5 itemprop=\"name\" class=\"q_masonry_blog_title entry_title\"><a itemprop=\"url\" href=\"https:\/\/www.voupedir.net\/blog\/2022\/06\/14\/crescimento-das-vendas-online\/\"><strong>Crescimento das vendas online<\/strong><\/a><\/h5><p itemprop=\"description\" class=\"q_masonry_blog_excerpt\">Segundo Mastercard SpendingPulse, \u00edndice que rastreia as vendas de varejo em todas as formas de pagamento, ap...<\/p><div class=\"q_masonry_blog_post_info\"><span itemprop=\"dateCreated\" class=\"time entry_date updated\">14 junho, 2022<meta itemprop=\"interactionCount\" content=\"UserComments: <?php echo get_comments_number(qode_get_page_id()); ?>\"\/><\/span><\/div><\/div><\/article><article  class='post-533 post type-post status-publish format-standard has-post-thumbnail hentry category-venda-direta '><div class=\"q_masonry_blog_post_image\"><a itemprop=\"url\" href=\"https:\/\/www.voupedir.net\/blog\/2022\/06\/09\/catalogo-online-como-alavancar-suas-vendas\/\" target=\"_self\"><img decoding=\"async\" itemprop=\"image\" src=\"https:\/\/www.voupedir.net\/blog\/wp-content\/uploads\/2022\/05\/post-3-1.jpg\" \/><\/a><\/div><div class=\"q_masonry_blog_post_text\"><h5 itemprop=\"name\" class=\"q_masonry_blog_title entry_title\"><a itemprop=\"url\" href=\"https:\/\/www.voupedir.net\/blog\/2022\/06\/09\/catalogo-online-como-alavancar-suas-vendas\/\"><strong>Cat\u00e1logo Online: como alavancar suas vendas<\/strong><\/a><\/h5><p itemprop=\"description\" class=\"q_masonry_blog_excerpt\">Cat\u00e1logo online \u00e9 uma \u00f3tima ferramenta para apresentar a empresa a primeiro momento para novos parceiros, f...<\/p><div class=\"q_masonry_blog_post_info\"><span itemprop=\"dateCreated\" class=\"time entry_date updated\">09 junho, 2022<meta itemprop=\"interactionCount\" content=\"UserComments: <?php echo get_comments_number(qode_get_page_id()); ?>\"\/><\/span><\/div><\/div><\/article><article  class='post-510 post type-post status-publish format-standard has-post-thumbnail hentry category-atendimento-whatsapp tag-catalogo-digital tag-catalogo-online tag-whatsapp '><div class=\"q_masonry_blog_post_image\"><a itemprop=\"url\" href=\"https:\/\/www.voupedir.net\/blog\/2022\/06\/07\/como-vender-pelo-whatsapp\/\" target=\"_self\"><img decoding=\"async\" itemprop=\"image\" src=\"https:\/\/www.voupedir.net\/blog\/wp-content\/uploads\/2022\/05\/pot-4.jpg\" \/><\/a><\/div><div class=\"q_masonry_blog_post_text\"><h5 itemprop=\"name\" class=\"q_masonry_blog_title entry_title\"><a itemprop=\"url\" href=\"https:\/\/www.voupedir.net\/blog\/2022\/06\/07\/como-vender-pelo-whatsapp\/\"><strong>Como vender pelo WhatsApp<\/strong><\/a><\/h5><p itemprop=\"description\" class=\"q_masonry_blog_excerpt\">O WhatsApp se tornou muito mais do que um simples aplicativo para mandar mensagens para amigos e familiares. P...<\/p><div class=\"q_masonry_blog_post_info\"><span itemprop=\"dateCreated\" class=\"time entry_date updated\">07 junho, 2022<meta itemprop=\"interactionCount\" content=\"UserComments: <?php echo get_comments_number(qode_get_page_id()); ?>\"\/><\/span><\/div><\/div><\/article><article  class='post-504 post type-post status-publish format-standard has-post-thumbnail hentry category-venda-direta '><div class=\"q_masonry_blog_post_image\"><a itemprop=\"url\" href=\"https:\/\/www.voupedir.net\/blog\/2022\/02\/17\/como-transformar-seu-catalogo-pdf-em-um-catalogo-online\/\" target=\"_self\"><img decoding=\"async\" itemprop=\"image\" src=\"https:\/\/www.voupedir.net\/blog\/wp-content\/uploads\/2022\/02\/Vou-Pedir_como-transformar-seu-catalogo-PDF-em-um-catalogo-online.jpg\" \/><\/a><\/div><div class=\"q_masonry_blog_post_text\"><h5 itemprop=\"name\" class=\"q_masonry_blog_title entry_title\"><a itemprop=\"url\" href=\"https:\/\/www.voupedir.net\/blog\/2022\/02\/17\/como-transformar-seu-catalogo-pdf-em-um-catalogo-online\/\"><strong>Como Transformar seu Cat\u00e1logo PDF em um Cat\u00e1logo Online<\/strong><\/a><\/h5><p itemprop=\"description\" class=\"q_masonry_blog_excerpt\">A primeira impress\u00e3o \u00e9 a que fica, express\u00e3o popular muito conhecida e utilizada e sendo, de fato, correta....<\/p><div class=\"q_masonry_blog_post_info\"><span itemprop=\"dateCreated\" class=\"time entry_date updated\">17 fevereiro, 2022<meta itemprop=\"interactionCount\" content=\"UserComments: <?php echo get_comments_number(qode_get_page_id()); ?>\"\/><\/span><\/div><\/div><\/article><article  class='post-500 post type-post status-publish format-standard has-post-thumbnail hentry category-atendimento-whatsapp category-venda-direta category-vendas '><div class=\"q_masonry_blog_post_image\"><a itemprop=\"url\" href=\"https:\/\/www.voupedir.net\/blog\/2022\/02\/11\/vender-pelo-whatsapp-beneficios-e-estrategias\/\" target=\"_self\"><img decoding=\"async\" itemprop=\"image\" src=\"https:\/\/www.voupedir.net\/blog\/wp-content\/uploads\/2022\/02\/Vou-Pedir_vender-pelo-whatsapp-beneficios-e-estrategias.jpg\" \/><\/a><\/div><div class=\"q_masonry_blog_post_text\"><h5 itemprop=\"name\" class=\"q_masonry_blog_title entry_title\"><a itemprop=\"url\" href=\"https:\/\/www.voupedir.net\/blog\/2022\/02\/11\/vender-pelo-whatsapp-beneficios-e-estrategias\/\"><strong>Vender pelo WhatsApp: benef\u00edcios e estrat\u00e9gias<\/strong><\/a><\/h5><p itemprop=\"description\" class=\"q_masonry_blog_excerpt\">O WhatsApp se tornou uma das principais ferramentas de comunica\u00e7\u00e3o da atualidade, estando presente em 99% do...<\/p><div class=\"q_masonry_blog_post_info\"><span itemprop=\"dateCreated\" class=\"time entry_date updated\">11 fevereiro, 2022<meta itemprop=\"interactionCount\" content=\"UserComments: <?php echo get_comments_number(qode_get_page_id()); ?>\"\/><\/span><\/div><\/div><\/article><article  class='post-493 post type-post status-publish format-standard has-post-thumbnail hentry category-venda-direta category-vendas tag-atendimento-whatsapp tag-catalogo-digital tag-catalogo-online tag-vou-pedir '><div class=\"q_masonry_blog_post_image\"><a itemprop=\"url\" href=\"https:\/\/www.voupedir.net\/blog\/2022\/02\/07\/catalogo-o-que-e-e-como-funciona\/\" target=\"_self\"><img decoding=\"async\" itemprop=\"image\" src=\"https:\/\/www.voupedir.net\/blog\/wp-content\/uploads\/2022\/02\/Vou-Pedir_o-que-e-e-como-funciona-um-catalogo-digital.jpg\" \/><\/a><\/div><div class=\"q_masonry_blog_post_text\"><h5 itemprop=\"name\" class=\"q_masonry_blog_title entry_title\"><a itemprop=\"url\" href=\"https:\/\/www.voupedir.net\/blog\/2022\/02\/07\/catalogo-o-que-e-e-como-funciona\/\"><strong>Cat\u00e1logo: o que \u00e9 e como funciona<\/strong><\/a><\/h5><p itemprop=\"description\" class=\"q_masonry_blog_excerpt\">Como o ditado popular diz, \u201cuma imagem vale mais que mil palavras\u201d. Pensando nisso, qual a melhor op\u00e7\u00e3o ...<\/p><div class=\"q_masonry_blog_post_info\"><span itemprop=\"dateCreated\" class=\"time entry_date updated\">07 fevereiro, 2022<meta itemprop=\"interactionCount\" content=\"UserComments: <?php echo get_comments_number(qode_get_page_id()); ?>\"\/><\/span><\/div><\/div><\/article><article  class='post-486 post type-post status-publish format-standard has-post-thumbnail hentry category-venda-direta tag-atacado tag-couromoda tag-feira tag-vendas '><div class=\"q_masonry_blog_post_image\"><a itemprop=\"url\" href=\"https:\/\/www.voupedir.net\/blog\/2022\/01\/18\/couromoda-2022\/\" target=\"_self\"><img decoding=\"async\" itemprop=\"image\" src=\"https:\/\/www.voupedir.net\/blog\/wp-content\/uploads\/2022\/01\/Couromoda_2022_compras-scaled.jpg\" \/><\/a><\/div><div class=\"q_masonry_blog_post_text\"><h5 itemprop=\"name\" class=\"q_masonry_blog_title entry_title\"><a itemprop=\"url\" href=\"https:\/\/www.voupedir.net\/blog\/2022\/01\/18\/couromoda-2022\/\"><strong>COUROMODA 2022<\/strong><\/a><\/h5><p itemprop=\"description\" class=\"q_masonry_blog_excerpt\">Nesta segunda, 17 de janeiro, a COUROMODA 2022, feira l\u00edder em lan\u00e7amentos e empreendimento cal\u00e7adista da A...<\/p><div class=\"q_masonry_blog_post_info\"><span itemprop=\"dateCreated\" class=\"time entry_date updated\">18 janeiro, 2022<meta itemprop=\"interactionCount\" content=\"UserComments: <?php echo get_comments_number(qode_get_page_id()); ?>\"\/><\/span><\/div><\/div><\/article><\/div>\t\t<\/div>\n\t\t\t\t<\/div>\n\t\t\t\t<div class=\"elementor-element elementor-element-6bf0abf elementor-align-center elementor-widget elementor-widget-button\" data-id=\"6bf0abf\" data-element_type=\"widget\" data-widget_type=\"button.default\">\n\t\t\t\t<div class=\"elementor-widget-container\">\n\t\t\t\t\t<div class=\"elementor-button-wrapper\">\n\t\t\t<a href=\"https:\/\/www.voupedir.net\/blog\/arquivo\/\" class=\"elementor-button-link elementor-button elementor-size-sm\" role=\"button\">\n\t\t\t\t\t\t<span class=\"elementor-button-content-wrapper\">\n\t\t\t\t\t\t<span class=\"elementor-button-icon elementor-align-icon-right\">\n\t\t\t\t<i aria-hidden=\"true\" class=\"fas fa-chevron-right\"><\/i>\t\t\t<\/span>\n\t\t\t\t\t\t<span class=\"elementor-button-text\">Explorar Mais<\/span>\n\t\t<\/span>\n\t\t\t\t\t<\/a>\n\t\t<\/div>\n\t\t\t\t<\/div>\n\t\t\t\t<\/div>\n\t\t\t\t\t\t<\/div>\n\t\t\t\t\t<\/div>\n\t\t<\/div>\n\t\t\t\t\t\t\t\t<\/div>\n\t\t\t\t\t<\/div>\n\t\t<\/section>\n\t\t\t\t<section class=\"elementor-section elementor-top-section elementor-element elementor-element-294b793 elementor-section-full_width elementor-section-stretched elementor-section-height-default elementor-section-height-default parallax_section_no qode_elementor_container_no\" data-id=\"294b793\" data-element_type=\"section\" data-settings=\"{&quot;background_background&quot;:&quot;classic&quot;,&quot;stretch_section&quot;:&quot;section-stretched&quot;}\">\n\t\t\t\t\t\t<div class=\"elementor-container elementor-column-gap-no\">\n\t\t\t\t\t\t\t<div class=\"elementor-row\">\n\t\t\t\t\t<div class=\"elementor-column elementor-col-100 elementor-top-column elementor-element elementor-element-a77f84c\" data-id=\"a77f84c\" data-element_type=\"column\">\n\t\t\t<div class=\"elementor-column-wrap elementor-element-populated\">\n\t\t\t\t\t\t\t<div class=\"elementor-widget-wrap\">\n\t\t\t\t\t\t<div class=\"elementor-element elementor-element-ff221ba elementor-widget elementor-widget-image\" data-id=\"ff221ba\" data-element_type=\"widget\" data-widget_type=\"image.default\">\n\t\t\t\t<div class=\"elementor-widget-container\">\n\t\t\t\t\t<div class=\"elementor-image\">\n\t\t\t\t\t\t\t\t\t\t\t<a href=\"https:\/\/www.voupedir.net\/#contact\">\n\t\t\t\t\t\t\t<img decoding=\"async\" width=\"1920\" height=\"800\" src=\"https:\/\/www.voupedir.net\/blog\/wp-content\/uploads\/2021\/06\/banner.jpg\" class=\"attachment-full size-full\" alt=\"\" srcset=\"https:\/\/www.voupedir.net\/blog\/wp-content\/uploads\/2021\/06\/banner.jpg 1920w, https:\/\/www.voupedir.net\/blog\/wp-content\/uploads\/2021\/06\/banner-300x125.jpg 300w, https:\/\/www.voupedir.net\/blog\/wp-content\/uploads\/2021\/06\/banner-1024x427.jpg 1024w, https:\/\/www.voupedir.net\/blog\/wp-content\/uploads\/2021\/06\/banner-768x320.jpg 768w, https:\/\/www.voupedir.net\/blog\/wp-content\/uploads\/2021\/06\/banner-1536x640.jpg 1536w, https:\/\/www.voupedir.net\/blog\/wp-content\/uploads\/2021\/06\/banner-700x292.jpg 700w\" sizes=\"(max-width: 1920px) 100vw, 1920px\" \/>\t\t\t\t\t\t\t\t<\/a>\n\t\t\t\t\t\t\t\t\t\t\t<\/div>\n\t\t\t\t<\/div>\n\t\t\t\t<\/div>\n\t\t\t\t\t\t<\/div>\n\t\t\t\t\t<\/div>\n\t\t<\/div>\n\t\t\t\t\t\t\t\t<\/div>\n\t\t\t\t\t<\/div>\n\t\t<\/section>\n\t\t\t\t\t\t<\/div>\n\t\t\t\t\t\t<\/div>\n\t\t\t\t\t<\/div>\n\t\t","protected":false},"excerpt":{"rendered":"<p>Ol\u00e1, mundo! Boas-vindas ao WordPress. Esse \u00e9 o seu primeiro post. Edite-o ou exclua-o, e ent\u00e3o comece a escrever!&#8230; 18 junho, 2021<\/p>\n","protected":false},"author":1,"featured_media":0,"parent":0,"menu_order":0,"comment_status":"closed","ping_status":"closed","template":"full_width.php","meta":{"footnotes":""},"class_list":["post-255","page","type-page","status-publish","hentry"],"yoast_head":"<!-- This site is optimized with the Yoast SEO Premium plugin v16.4 (Yoast SEO v16.4) - https:\/\/yoast.com\/wordpress\/plugins\/seo\/ -->\n<title>Home - Blog do Vou Pedir - Catalogo online de produtos<\/title>\n<meta name=\"description\" content=\"Blog do Vou Pedir - Dicas e informa\u00e7\u00f5es de venda online e marketing digital atrav\u00e9s de cat\u00e1logos para sua empresa. Confira para o seu neg\u00f3cio.\" \/>\n<meta name=\"robots\" content=\"index, follow, max-snippet:-1, max-image-preview:large, max-video-preview:-1\" \/>\n<link rel=\"canonical\" href=\"https:\/\/www.voupedir.net\/blog\/\" \/>\n<meta property=\"og:locale\" content=\"pt_BR\" \/>\n<meta property=\"og:type\" content=\"article\" \/>\n<meta property=\"og:title\" content=\"Home - Blog do Vou Pedir - Catalogo online de produtos\" \/>\n<meta property=\"og:description\" content=\"Blog do Vou Pedir - Dicas e informa\u00e7\u00f5es de venda online e marketing digital atrav\u00e9s de cat\u00e1logos para sua empresa. Confira para o seu neg\u00f3cio.\" \/>\n<meta property=\"og:url\" content=\"https:\/\/www.voupedir.net\/blog\/\" \/>\n<meta property=\"og:site_name\" content=\"Blog do Vou Pedir - Catalogo online de produtos\" \/>\n<meta property=\"article:modified_time\" content=\"2022-06-23T17:55:00+00:00\" \/>\n<meta property=\"og:image\" content=\"https:\/\/www.voupedir.net\/blog\/wp-content\/uploads\/2020\/04\/blog-img-7.jpg\" \/>\n<meta name=\"twitter:card\" content=\"summary_large_image\" \/>\n<meta name=\"twitter:label1\" content=\"Est. tempo de leitura\" \/>\n\t<meta name=\"twitter:data1\" content=\"4 minutos\" \/>\n<script type=\"application\/ld+json\" class=\"yoast-schema-graph\">{\"@context\":\"https:\/\/schema.org\",\"@graph\":[{\"@type\":\"Organization\",\"@id\":\"https:\/\/www.voupedir.net\/blog\/#organization\",\"name\":\"Vou Pedir Catalogo Online\",\"url\":\"https:\/\/www.voupedir.net\/blog\/\",\"sameAs\":[],\"logo\":{\"@type\":\"ImageObject\",\"@id\":\"https:\/\/www.voupedir.net\/blog\/#logo\",\"inLanguage\":\"pt-BR\",\"url\":\"https:\/\/www.voupedir.net\/blog\/wp-content\/uploads\/2022\/01\/logo_vou_pedir-03.jpg\",\"contentUrl\":\"https:\/\/www.voupedir.net\/blog\/wp-content\/uploads\/2022\/01\/logo_vou_pedir-03.jpg\",\"width\":140,\"height\":140,\"caption\":\"Vou Pedir Catalogo Online\"},\"image\":{\"@id\":\"https:\/\/www.voupedir.net\/blog\/#logo\"}},{\"@type\":\"WebSite\",\"@id\":\"https:\/\/www.voupedir.net\/blog\/#website\",\"url\":\"https:\/\/www.voupedir.net\/blog\/\",\"name\":\"Blog do Vou Pedir - Catalogo online de produtos\",\"description\":\"O blog do Vou Pedir fornece dicas e informa\\u00e7\\u00f5es de venda online e marketing digital atrav\\u00e9s de cat\\u00e1logos para sua empresa.\",\"publisher\":{\"@id\":\"https:\/\/www.voupedir.net\/blog\/#organization\"},\"potentialAction\":[{\"@type\":\"SearchAction\",\"target\":\"https:\/\/www.voupedir.net\/blog\/?s={search_term_string}\",\"query-input\":\"required name=search_term_string\"}],\"inLanguage\":\"pt-BR\"},{\"@type\":\"ImageObject\",\"@id\":\"https:\/\/www.voupedir.net\/blog\/#primaryimage\",\"inLanguage\":\"pt-BR\",\"url\":\"https:\/\/www.voupedir.net\/blog\/wp-content\/uploads\/2020\/04\/blog-img-7.jpg\",\"contentUrl\":\"https:\/\/www.voupedir.net\/blog\/wp-content\/uploads\/2020\/04\/blog-img-7.jpg\",\"width\":1300,\"height\":1680,\"caption\":\"m\"},{\"@type\":\"WebPage\",\"@id\":\"https:\/\/www.voupedir.net\/blog\/#webpage\",\"url\":\"https:\/\/www.voupedir.net\/blog\/\",\"name\":\"Home - Blog do Vou Pedir - Catalogo online de produtos\",\"isPartOf\":{\"@id\":\"https:\/\/www.voupedir.net\/blog\/#website\"},\"primaryImageOfPage\":{\"@id\":\"https:\/\/www.voupedir.net\/blog\/#primaryimage\"},\"datePublished\":\"2020-04-03T10:31:57+00:00\",\"dateModified\":\"2022-06-23T17:55:00+00:00\",\"description\":\"Blog do Vou Pedir - Dicas e informa\\u00e7\\u00f5es de venda online e marketing digital atrav\\u00e9s de cat\\u00e1logos para sua empresa. Confira para o seu neg\\u00f3cio.\",\"breadcrumb\":{\"@id\":\"https:\/\/www.voupedir.net\/blog\/#breadcrumb\"},\"inLanguage\":\"pt-BR\",\"potentialAction\":[{\"@type\":\"ReadAction\",\"target\":[\"https:\/\/www.voupedir.net\/blog\/\"]}]},{\"@type\":\"BreadcrumbList\",\"@id\":\"https:\/\/www.voupedir.net\/blog\/#breadcrumb\",\"itemListElement\":[{\"@type\":\"ListItem\",\"position\":1,\"item\":{\"@type\":\"WebPage\",\"@id\":\"https:\/\/www.voupedir.net\/blog\/\",\"url\":\"https:\/\/www.voupedir.net\/blog\/\",\"name\":\"In\\u00edcio\"}},{\"@type\":\"ListItem\",\"position\":2,\"item\":{\"@id\":\"https:\/\/www.voupedir.net\/blog\/#webpage\"}}]}]}<\/script>\n<!-- \/ Yoast SEO Premium plugin. -->","_links":{"self":[{"href":"https:\/\/www.voupedir.net\/blog\/wp-json\/wp\/v2\/pages\/255","targetHints":{"allow":["GET"]}}],"collection":[{"href":"https:\/\/www.voupedir.net\/blog\/wp-json\/wp\/v2\/pages"}],"about":[{"href":"https:\/\/www.voupedir.net\/blog\/wp-json\/wp\/v2\/types\/page"}],"author":[{"embeddable":true,"href":"https:\/\/www.voupedir.net\/blog\/wp-json\/wp\/v2\/users\/1"}],"replies":[{"embeddable":true,"href":"https:\/\/www.voupedir.net\/blog\/wp-json\/wp\/v2\/comments?post=255"}],"version-history":[{"count":0,"href":"https:\/\/www.voupedir.net\/blog\/wp-json\/wp\/v2\/pages\/255\/revisions"}],"wp:attachment":[{"href":"https:\/\/www.voupedir.net\/blog\/wp-json\/wp\/v2\/media?parent=255"}],"curies":[{"name":"wp","href":"https:\/\/api.w.org\/{rel}","templated":true}]}}